{"id":1163,"date":"2024-08-07T13:32:10","date_gmt":"2024-08-07T13:32:10","guid":{"rendered":"https:\/\/dignita.ro\/?post_type=product&#038;p=1163"},"modified":"2025-02-14T14:27:03","modified_gmt":"2025-02-14T14:27:03","slug":"calendarul-two-hearts","status":"publish","type":"product","link":"https:\/\/dignita.ro\/ro\/produs\/calendarul-two-hearts\/","title":{"rendered":"Calendarul &#8222;Two hearts&#8221;"},"content":{"rendered":"<p>Acest calendar cuprinde 365 de citate \u00een\u021belepte, versete biblice, versuri pentru fiecare zi a anului. \u00cemp\u0103rt\u0103\u0219e\u0219te acest cadou cu persoana iubit\u0103.<\/p>\n","protected":false},"excerpt":{"rendered":"<p>Acest calendar cuprinde 365 de citate \u00een\u021belepte, versete biblice, versuri pentru fiecare zi a anului. \u00cemp\u0103rt\u0103\u0219e\u0219te acest cadou cu persoana iubit\u0103.<\/p>\n","protected":false},"featured_media":6071,"comment_status":"open","ping_status":"closed","template":"","meta":{"_seopress_robots_primary_cat":"none","_seopress_titles_title":"","_seopress_titles_desc":"","_seopress_robots_index":""},"product_brand":[],"product_cat":[128],"product_tag":[],"class_list":{"0":"post-1163","1":"product","2":"type-product","3":"status-publish","4":"has-post-thumbnail","6":"product_cat-cadouri","7":"post-wrapper","8":"thrv_wrapper","10":"first","11":"instock","12":"shipping-taxable","13":"purchasable","14":"product-type-simple"},"_links":{"self":[{"href":"https:\/\/dignita.ro\/ro\/wp-json\/wp\/v2\/product\/1163","targetHints":{"allow":["GET"]}}],"collection":[{"href":"https:\/\/dignita.ro\/ro\/wp-json\/wp\/v2\/product"}],"about":[{"href":"https:\/\/dignita.ro\/ro\/wp-json\/wp\/v2\/types\/product"}],"replies":[{"embeddable":true,"href":"https:\/\/dignita.ro\/ro\/wp-json\/wp\/v2\/comments?post=1163"}],"wp:featuredmedia":[{"embeddable":true,"href":"https:\/\/dignita.ro\/ro\/wp-json\/wp\/v2\/media\/6071"}],"wp:attachment":[{"href":"https:\/\/dignita.ro\/ro\/wp-json\/wp\/v2\/media?parent=1163"}],"wp:term":[{"taxonomy":"product_brand","embeddable":true,"href":"https:\/\/dignita.ro\/ro\/wp-json\/wp\/v2\/product_brand?post=1163"},{"taxonomy":"product_cat","embeddable":true,"href":"https:\/\/dignita.ro\/ro\/wp-json\/wp\/v2\/product_cat?post=1163"},{"taxonomy":"product_tag","embeddable":true,"href":"https:\/\/dignita.ro\/ro\/wp-json\/wp\/v2\/product_tag?post=1163"}],"curies":[{"name":"wp","href":"https:\/\/api.w.org\/{rel}","templated":true}]}}