{"id":1083,"date":"2024-08-07T12:57:54","date_gmt":"2024-08-07T12:57:54","guid":{"rendered":"https:\/\/dignita.ro\/?post_type=product&#038;p=1083"},"modified":"2025-02-14T16:26:25","modified_gmt":"2025-02-14T16:26:25","slug":"babys-special-day-12-cards-and-envelopes","status":"publish","type":"product","link":"https:\/\/dignita.ro\/ro\/produs\/babys-special-day-12-cards-and-envelopes\/","title":{"rendered":"Baby&#8217;s special day &#8211; 12 cards and envelopes"},"content":{"rendered":"<p>Setul con\u021bine 12 felicit\u0103ri \u0219i 12 plicuri. Au un design unic \u0219i frumos. O idee extraordinar\u0103 de a oferi o felicitare unei mame cu ocazia binecuv\u00e2nt\u0103rii copilului.<\/p>\n","protected":false},"excerpt":{"rendered":"<p>Setul con\u021bine 12 felicit\u0103ri \u0219i 12 plicuri. Au un design unic \u0219i frumos. O idee extraordinar\u0103 de a oferi o felicitare unei mame cu ocazia binecuv\u00e2nt\u0103rii copilului.<\/p>\n","protected":false},"featured_media":6117,"comment_status":"open","ping_status":"closed","template":"","meta":{"_seopress_robots_primary_cat":"none","_seopress_titles_title":"","_seopress_titles_desc":"","_seopress_robots_index":""},"product_brand":[],"product_cat":[128],"product_tag":[],"class_list":{"0":"post-1083","1":"product","2":"type-product","3":"status-publish","4":"has-post-thumbnail","6":"product_cat-cadouri","7":"post-wrapper","8":"thrv_wrapper","10":"first","11":"instock","12":"shipping-taxable","13":"purchasable","14":"product-type-simple"},"_links":{"self":[{"href":"https:\/\/dignita.ro\/ro\/wp-json\/wp\/v2\/product\/1083","targetHints":{"allow":["GET"]}}],"collection":[{"href":"https:\/\/dignita.ro\/ro\/wp-json\/wp\/v2\/product"}],"about":[{"href":"https:\/\/dignita.ro\/ro\/wp-json\/wp\/v2\/types\/product"}],"replies":[{"embeddable":true,"href":"https:\/\/dignita.ro\/ro\/wp-json\/wp\/v2\/comments?post=1083"}],"wp:featuredmedia":[{"embeddable":true,"href":"https:\/\/dignita.ro\/ro\/wp-json\/wp\/v2\/media\/6117"}],"wp:attachment":[{"href":"https:\/\/dignita.ro\/ro\/wp-json\/wp\/v2\/media?parent=1083"}],"wp:term":[{"taxonomy":"product_brand","embeddable":true,"href":"https:\/\/dignita.ro\/ro\/wp-json\/wp\/v2\/product_brand?post=1083"},{"taxonomy":"product_cat","embeddable":true,"href":"https:\/\/dignita.ro\/ro\/wp-json\/wp\/v2\/product_cat?post=1083"},{"taxonomy":"product_tag","embeddable":true,"href":"https:\/\/dignita.ro\/ro\/wp-json\/wp\/v2\/product_tag?post=1083"}],"curies":[{"name":"wp","href":"https:\/\/api.w.org\/{rel}","templated":true}]}}