{"id":281,"date":"2023-12-07T15:20:03","date_gmt":"2023-12-07T15:20:03","guid":{"rendered":"https:\/\/dignita.ro\/get-involved\/"},"modified":"2024-12-05T06:44:47","modified_gmt":"2024-12-05T06:44:47","slug":"get-involved","status":"publish","type":"page","link":"https:\/\/dignita.ro\/ro\/get-involved\/","title":{"rendered":"Implica"},"content":{"rendered":"<h2 style=\"\"><strong>VREI S\u0102 TE IMPLICI CU DIGNITA?<\/strong><\/h2>\n<p>Iat\u0103 c\u00e2teva moduri cum:<\/p>\n<p style=\"\">DONEAZ\u0102<\/p>\n<p style=\"\">Contribu\u021bia ta generoas\u0103 de ast\u0103zi va avea un impact semnificativ, ajut\u00e2ndu-ne s\u0103 cre\u0103m schimb\u0103ri pozitive \u0219i s\u0103 \u00eei sprijinim pe cei care au nevoie \u00een comunitatea noastr\u0103.<\/p>\n<p style=\"\">VOLUNTAR<\/p>\n<p style=\"\">V\u0103 invit\u0103m s\u0103 v\u0103 al\u0103tura\u021bi echipei noastre dedicate voluntarilor, unde timpul \u0219i pasiunea dumneavoastr\u0103 pot face o diferen\u021b\u0103 profund\u0103 \u00een via\u021ba altora \u0219i pot contribui la construirea unui viitor mai luminos \u00eempreun\u0103.<\/p>\n<p style=\"\">\u00ceNTREPRINDERE SOCIAL\u0102<\/p>\n<p style=\"\">Sprijinind \u00eentreprinderea noastr\u0103 social\u0103, nu faci doar o achizi\u021bie; investi\u021bi \u00eentr-o viziune durabil\u0103, \u00eemputernici\u021bi comunit\u0103\u021bile \u0219i promova\u021bi schimb\u0103ri pozitive pentru un viitor colectiv mai luminos.<\/p>\n","protected":false},"excerpt":{"rendered":"<p>VREI S\u0102 TE IMPLICI CU DIGNITA? Iat\u0103 c\u00e2teva moduri cum: DONEAZ\u0102 Contribu\u021bia ta generoas\u0103 de ast\u0103zi va avea un impact semnificativ, ajut\u00e2ndu-ne s\u0103 cre\u0103m schimb\u0103ri pozitive \u0219i s\u0103 \u00eei sprijinim pe cei care au nevoie \u00een comunitatea noastr\u0103. VOLUNTAR V\u0103 invit\u0103m s\u0103 v\u0103 al\u0103tura\u021bi echipei noastre dedicate voluntarilor, unde timpul \u0219i pasiunea dumneavoastr\u0103 pot face [&hellip;]<\/p>\n","protected":false},"author":2,"featured_media":0,"parent":0,"menu_order":0,"comment_status":"closed","ping_status":"closed","template":"","meta":{"_seopress_robots_primary_cat":"","_seopress_titles_title":"","_seopress_titles_desc":"","_seopress_robots_index":"","footnotes":""},"class_list":["post-281","page","type-page","status-publish","hentry","post-wrapper","thrv_wrapper"],"_links":{"self":[{"href":"https:\/\/dignita.ro\/ro\/wp-json\/wp\/v2\/pages\/281","targetHints":{"allow":["GET"]}}],"collection":[{"href":"https:\/\/dignita.ro\/ro\/wp-json\/wp\/v2\/pages"}],"about":[{"href":"https:\/\/dignita.ro\/ro\/wp-json\/wp\/v2\/types\/page"}],"author":[{"embeddable":true,"href":"https:\/\/dignita.ro\/ro\/wp-json\/wp\/v2\/users\/2"}],"replies":[{"embeddable":true,"href":"https:\/\/dignita.ro\/ro\/wp-json\/wp\/v2\/comments?post=281"}],"version-history":[{"count":4,"href":"https:\/\/dignita.ro\/ro\/wp-json\/wp\/v2\/pages\/281\/revisions"}],"predecessor-version":[{"id":5528,"href":"https:\/\/dignita.ro\/ro\/wp-json\/wp\/v2\/pages\/281\/revisions\/5528"}],"wp:attachment":[{"href":"https:\/\/dignita.ro\/ro\/wp-json\/wp\/v2\/media?parent=281"}],"curies":[{"name":"wp","href":"https:\/\/api.w.org\/{rel}","templated":true}]}}